{"id":10,"date":"2024-12-27T16:37:07","date_gmt":"2024-12-27T15:37:07","guid":{"rendered":"https:\/\/webshop.nynashamnsgf.se\/?page_id=10"},"modified":"2024-12-27T16:37:07","modified_gmt":"2024-12-27T15:37:07","slug":"refund_returns","status":"publish","type":"page","link":"https:\/\/webshop.nynashamnsgf.se\/?page_id=10","title":{"rendered":"K\u00f6pvillkor"},"content":{"rendered":"\n<ol class=\"wp-block-list\">\n<li><strong>Om Niekka Design<\/strong><\/li>\n<\/ol>\n\n\n\n<ul class=\"wp-block-list\">\n<li>F\u00f6retaget har sitt s\u00e4te i V\u00e4sterhaninge. Org.nr 7905140880<\/li>\n\n\n\n<li>\u00d6nskar du att komma i kontakt med oss, skicka ett mail till&nbsp;<a href=\"mailto:design@niekka.se\">design@niekka.se<\/a>&nbsp;med ditt \u00e4rende och dina kontaktuppgifter s\u00e5 h\u00f6r vi av oss inom kort.<\/li>\n<\/ul>\n\n\n\n<ol start=\"2\" class=\"wp-block-list\">\n<li><strong>Best\u00e4llning<\/strong><\/li>\n<\/ol>\n\n\n\n<ul class=\"wp-block-list\">\n<li>N\u00e4r du slutf\u00f6rt din best\u00e4llning skickas en orderbekr\u00e4ftelse till din e-postadress. I bekr\u00e4ftelsen finner du alla uppgifter om produkter, pris, fakturerings- och leveransadress.<\/li>\n\n\n\n<li>\u00c4r n\u00e5got fel i orderbekr\u00e4ftelsen ska du omedelbart kontakta oss via e-post till&nbsp;<a href=\"mailto:design@niekka.se\">design@niekka.se<\/a>.<\/li>\n<\/ul>\n\n\n\n<ol start=\"3\" class=\"wp-block-list\">\n<li><strong>Leverans<\/strong><\/li>\n<\/ol>\n\n\n\n<ul class=\"wp-block-list\">\n<li>Varorna levereras i samband med tr\u00e4ningen. Ni kommer att f\u00e5 ett mail innan leverans, s\u00e5 att ni vet att era produkter \u00e4r klara. Dvs. produkterna skickas inte per post i dagsl\u00e4get.<\/li>\n\n\n\n<li>V\u00e5ra normala leveranstider \u00e4r 8 -14 arbetsdagar. Vid storhelger och semestertider g\u00e4ller l\u00e4ngre leveranstider.<\/li>\n\n\n\n<li>Om f\u00f6rseningar i leveransen skulle uppst\u00e5 (utan att vi har meddelat dig om l\u00e4ngre leveranstid) ska du kontakta oss p\u00e5 e-postadress:&nbsp;<a href=\"mailto:design@niekka.se\">design@niekka.se<\/a>.<\/li>\n<\/ul>\n\n\n\n<ol start=\"4\" class=\"wp-block-list\">\n<li><strong>Priser<\/strong><\/li>\n<\/ol>\n\n\n\n<ul class=\"wp-block-list\">\n<li>Alla priser i butiken anges i SEK och alla priser \u00e4r inklusive 25% moms.<\/li>\n\n\n\n<li>Vi reserverar oss f\u00f6r pris\u00e4ndringar orsakat av pris\u00e4ndring fr\u00e5n leverant\u00f6r, feltryck i prislistan samt felaktigheter i priser beroende p\u00e5 felaktig information och f\u00f6rbeh\u00e5ller oss r\u00e4tten att justera priset.<\/li>\n<\/ul>\n\n\n\n<ol start=\"5\" class=\"wp-block-list\">\n<li><strong>\u00c5ngerr\u00e4tt<\/strong><\/li>\n<\/ol>\n\n\n\n<ul class=\"wp-block-list\">\n<li>Vid k\u00f6p av varor p\u00e5 webbplatsen har du som kund en lagstiftad 14 dagars \u00e5ngerr\u00e4tt som g\u00e4ller fr\u00e5n det att du har tagit emot en vara som du har best\u00e4llt. <br><br><strong>\u00c5ngerr\u00e4tten g\u00e4ller inte vid:<\/strong><\/li>\n\n\n\n<li>Specialtillverkad produkt, som har skr\u00e4ddarsytts s\u00e4rskilt \u00e5t dig eller har en tydlig personlig pr\u00e4gel efter dina \u00f6nskem\u00e5l, <strong>exempelvis tryckning av f\u00f6reningskl\u00e4der<\/strong>. <br><br><strong>Observera att alla produkter i Nyn\u00e4shamns f\u00f6reningssortiment \u00e4r specialbest\u00e4llda varor, inte lagervaror, utan har tagits in och tryckts efter din best\u00e4llning och d\u00e4rf\u00f6r g\u00e4ller allts\u00e5 inte \u00e5ngerr\u00e4tten h\u00e4r.<\/strong><br><br><strong>Vid nyttjande av din \u00e5ngerr\u00e4tt:<\/strong><\/li>\n\n\n\n<li>Du m\u00e5ste meddela att du \u00e5ngrar dig. Meddelandet ska skickas till oss&nbsp;<a href=\"mailto:design@niekka.se\">design@niekka.se<\/a>.&nbsp;<br>I ditt meddelande ska ditt namn, din adress, e-postadress, ordernumret samt vilka varor som returneringen g\u00e4ller framg\u00e5 klart och tydligt.<\/li>\n\n\n\n<li>Du b\u00f6r omedelbart och senast inom lagstiftade 14 dagar efter \u00e5ngermeddelandet returnera produkterna till oss.<\/li>\n\n\n\n<li>Du st\u00e5r f\u00f6r returfrakt, leverans och skick p\u00e5 produkterna vid retur, produkterna b\u00f6r d\u00e4rf\u00f6r skickas v\u00e4lpaketerade och i ursprunglig f\u00f6rpackning.<\/li>\n\n\n\n<li>P\u00e5 \u00e5terbetalningsbeloppet f\u00f6rbeh\u00e5ller vi oss r\u00e4tten att dra av en summa motsvarande v\u00e4rdeminskningen j\u00e4mf\u00f6rt med varans ursprungliga v\u00e4rde vid anv\u00e4nd eller skadad produkt.<br><br>F\u00f6r mer om den lagstiftade \u00e5ngerr\u00e4tten, se&nbsp;<a href=\"http:\/\/www.konsumentverket.se\/for-foretag\/konsumentratt-for-foretagare\/om-kunden-angrar-sitt-kop\/\" target=\"_blank\" rel=\"noreferrer noopener\"><strong>h\u00e4r<\/strong>.<\/a><\/li>\n<\/ul>\n\n\n\n<ol start=\"6\" class=\"wp-block-list\">\n<li><strong>Reklamation och klagom\u00e5l<\/strong><\/li>\n<\/ol>\n\n\n\n<ul class=\"wp-block-list\">\n<li>Vi besiktigar alla produkter innan dessa skickas till dig. Skulle produkten \u00e4nd\u00e5 vara skadad eller felexpedierad n\u00e4r den anl\u00e4nder \u00e5tar vi oss i enlighet med g\u00e4llande konsumentskyddslagstiftning att kostnadsfritt \u00e5tg\u00e4rda felet.<\/li>\n\n\n\n<li>Du m\u00e5ste alltid kontakta oss f\u00f6r ett godk\u00e4nnande innan du returnerar en defekt vara.<\/li>\n\n\n\n<li>Reklamationen ska g\u00f6ras inom rimlig tid efter att varan mottagits.<br><br><strong>Hur g\u00e5r du tillv\u00e4ga vid reklamation?<\/strong><\/li>\n\n\n\n<li>Eventuella fel och defekt ska alltid reklameras till&nbsp;<a href=\"mailto:design@niekka.se\">design@niekka.se<\/a>&nbsp;d\u00e4r du anger ditt namn, din adress, e-postadress, ordernummer och en beskrivning av felet.<\/li>\n\n\n\n<li>Om det inte lyckas oss att \u00e5tg\u00e4rda felet eller leverera en liknande produkt, \u00e5terbetalar vi dig f\u00f6r den defekta produkten i enlighet med g\u00e4llande konsumentskyddslagstiftning. <\/li>\n\n\n\n<li>Vi f\u00f6rbeh\u00e5ller oss r\u00e4tten att neka en reklamation om det visar sig att varan inte \u00e4r felaktig i enlighet med g\u00e4llande konsumentskyddslagstiftning. Vid reklamationer f\u00f6ljer vi riktlinjer fr\u00e5n Allm\u00e4nna Reklamationsn\u00e4mnden, se arn.se.<\/li>\n<\/ul>\n\n\n\n<ol start=\"7\" class=\"wp-block-list\">\n<li><strong>Ansvarsbegr\u00e4nsning<\/strong><\/li>\n<\/ol>\n\n\n\n<ul class=\"wp-block-list\">\n<li><strong>Vi tar inget ansvar f\u00f6r indirekta skador som kan uppst\u00e5 p\u00e5 grund av produkten.<\/strong><\/li>\n\n\n\n<li>Vi accepterar inget ansvar f\u00f6r f\u00f6rseningar\/fel till f\u00f6ljd av omst\u00e4ndigheter utanf\u00f6r f\u00f6retagets r\u00e5dande (Force Majeure). Dessa omst\u00e4ndigheter kan exempelvis vara arbetskonflikt, eldsv\u00e5da, krig, myndighetsbeslut, f\u00f6rminskad eller utebliven leverans fr\u00e5n leverant\u00f6r.<\/li>\n\n\n\n<li>Vidare tas inget ansvar f\u00f6r eventuella f\u00f6r\u00e4ndringar p\u00e5 produkter\/produktegenskaper som \u00e4ndrats av respektive leverant\u00f6r och andra faktorer utanf\u00f6r v\u00e5r kontroll.<\/li>\n<\/ul>\n\n\n\n<ol start=\"8\" class=\"wp-block-list\">\n<li><strong>Produktinformation<\/strong><\/li>\n<\/ol>\n\n\n\n<ul class=\"wp-block-list\">\n<li>Vi reserverar oss f\u00f6r eventuella tryckfel p\u00e5 denna webbplats samt slutf\u00f6rs\u00e4ljning av produkter. Vi garanterar inte att bilderna \u00e5terger produkternas exakta utseende d\u00e5 en viss f\u00e4rgskillnad kan f\u00f6rekomma beroende p\u00e5 bildsk\u00e4rm, fotokvalitet samt uppl\u00f6sning. Vi f\u00f6rs\u00f6ker alltid p\u00e5 b\u00e4sta s\u00e4tt att exponera produkterna s\u00e5 korrekt som m\u00f6jligt.<\/li>\n<\/ul>\n\n\n\n<ol start=\"9\" class=\"wp-block-list\">\n<li><strong>Information om Cookies<\/strong><\/li>\n<\/ol>\n\n\n\n<ul class=\"wp-block-list\">\n<li>Enligt lag om elektronisk information ska bes\u00f6kare p\u00e5 en webbplats i integritetssyfte f\u00e5 information om att cookies anv\u00e4nds. Informationen i cookien \u00e4r m\u00f6jlig att anv\u00e4nda f\u00f6r att f\u00f6lja en anv\u00e4ndares surfande. Cookie \u00e4r en liten textfil som webbplatsen du bes\u00f6ker beg\u00e4r att f\u00e5 spara p\u00e5 din dator f\u00f6r att ge tillg\u00e5ng till olika funktioner. Det g\u00e5r att st\u00e4lla in sin webbl\u00e4sare s\u00e5 att den automatiskt nekar cookies. Mer information kan man hitta p\u00e5 Post och telestyrelsens hemsida.<\/li>\n<\/ul>\n\n\n\n<ol start=\"10\" class=\"wp-block-list\">\n<li><strong>Personuppgifter<\/strong><\/li>\n<\/ol>\n\n\n\n<ul class=\"wp-block-list\">\n<li>Genom att handla hos Niekka Design accepterar du v\u00e5r dataskyddspolicy och v\u00e5r behandling av dina personuppgifter. Vi v\u00e4rnar om din personliga integritet och samlar inte in fler uppgifter \u00e4n n\u00f6dv\u00e4ndigt f\u00f6r att behandla din best\u00e4llning. Vi s\u00e4ljer eller vidareger aldrig dina uppgifter till tredjepart utan r\u00e4ttslig grund.<\/li>\n\n\n\n<li>Niekka Design \u00e4r ansvarig f\u00f6r behandlingen av personuppgifter som du l\u00e4mnat till oss som kund. Dina personuppgifter behandlas av oss f\u00f6r att kunna hantera din best\u00e4llning samt i de tillf\u00e4llen d\u00e5 du har \u00f6nskat nyhetsbrev eller kampanjerbjudanden &#8211; f\u00f6r att kunna anpassa marknadsf\u00f6ringen \u00e5t dina individuella behov.<\/li>\n<\/ul>\n\n\n\n<ol start=\"11\" class=\"wp-block-list\">\n<li><strong>\u00c4ndringar till de Allm\u00e4nna Villkoren<\/strong><\/li>\n<\/ol>\n\n\n\n<ul class=\"wp-block-list\">\n<li>Vi f\u00f6rbeh\u00e5ller oss r\u00e4tten att n\u00e4r som helst f\u00f6reta \u00e4ndringar i villkoren. \u00c4ndringar av villkoren kommer att publiceras online p\u00e5 webbplatsen. De \u00e4ndrade villkoren anses f\u00f6r accepterade i samband med order eller bes\u00f6k p\u00e5 webbplatsen.<\/li>\n<\/ul>\n\n\n\n<p><\/p>\n","protected":false},"excerpt":{"rendered":"","protected":false},"author":1,"featured_media":0,"parent":0,"menu_order":0,"comment_status":"closed","ping_status":"closed","template":"","meta":{"footnotes":""},"class_list":["post-10","page","type-page","status-publish","hentry"],"jetpack_sharing_enabled":true,"_links":{"self":[{"href":"https:\/\/webshop.nynashamnsgf.se\/index.php?rest_route=\/wp\/v2\/pages\/10","targetHints":{"allow":["GET"]}}],"collection":[{"href":"https:\/\/webshop.nynashamnsgf.se\/index.php?rest_route=\/wp\/v2\/pages"}],"about":[{"href":"https:\/\/webshop.nynashamnsgf.se\/index.php?rest_route=\/wp\/v2\/types\/page"}],"author":[{"embeddable":true,"href":"https:\/\/webshop.nynashamnsgf.se\/index.php?rest_route=\/wp\/v2\/users\/1"}],"replies":[{"embeddable":true,"href":"https:\/\/webshop.nynashamnsgf.se\/index.php?rest_route=%2Fwp%2Fv2%2Fcomments&post=10"}],"version-history":[{"count":2,"href":"https:\/\/webshop.nynashamnsgf.se\/index.php?rest_route=\/wp\/v2\/pages\/10\/revisions"}],"predecessor-version":[{"id":174,"href":"https:\/\/webshop.nynashamnsgf.se\/index.php?rest_route=\/wp\/v2\/pages\/10\/revisions\/174"}],"wp:attachment":[{"href":"https:\/\/webshop.nynashamnsgf.se\/index.php?rest_route=%2Fwp%2Fv2%2Fmedia&parent=10"}],"curies":[{"name":"wp","href":"https:\/\/api.w.org\/{rel}","templated":true}]}}