{"id":111,"date":"2024-12-27T16:17:34","date_gmt":"2024-12-27T15:17:34","guid":{"rendered":"https:\/\/webshop.nynashamnsgf.se\/?post_type=product&#038;p=111"},"modified":"2024-12-27T20:22:40","modified_gmt":"2024-12-27T19:22:40","slug":"foreningjacka-ngf-senior","status":"publish","type":"product","link":"https:\/\/webshop.nynashamnsgf.se\/?product=foreningjacka-ngf-senior","title":{"rendered":"F\u00f6reningjacka NGF (senior)"},"content":{"rendered":"<p>Svart F\u00f6reningsjacka i seniorstorlekar, med stort vitt f\u00f6reningstryck p\u00e5 ryggen<\/p>\n<p>Juniorstorlekar XS &#8211; 3XL<\/p>\n<p>Jackorna \u00e4r n\u00e5got stora i storlekarna.<\/p>\n","protected":false},"excerpt":{"rendered":"<p>Svart F\u00f6reningsjacka i seniorstorlekar, med stort vitt f\u00f6reningstryck p\u00e5 ryggen Juniorstorlekar XS &#8211; 3XL Jackorna \u00e4r n\u00e5got stora i storlekarna.<\/p>\n","protected":false},"featured_media":129,"comment_status":"closed","ping_status":"closed","template":"","meta":[],"product_brand":[],"product_cat":[41],"product_tag":[],"class_list":{"0":"post-111","1":"product","2":"type-product","3":"status-publish","4":"has-post-thumbnail","6":"product_cat-overall","8":"first","9":"instock","10":"taxable","11":"shipping-taxable","12":"purchasable","13":"product-type-variable"},"jetpack_sharing_enabled":true,"_links":{"self":[{"href":"https:\/\/webshop.nynashamnsgf.se\/index.php?rest_route=\/wp\/v2\/product\/111","targetHints":{"allow":["GET"]}}],"collection":[{"href":"https:\/\/webshop.nynashamnsgf.se\/index.php?rest_route=\/wp\/v2\/product"}],"about":[{"href":"https:\/\/webshop.nynashamnsgf.se\/index.php?rest_route=\/wp\/v2\/types\/product"}],"replies":[{"embeddable":true,"href":"https:\/\/webshop.nynashamnsgf.se\/index.php?rest_route=%2Fwp%2Fv2%2Fcomments&post=111"}],"wp:featuredmedia":[{"embeddable":true,"href":"https:\/\/webshop.nynashamnsgf.se\/index.php?rest_route=\/wp\/v2\/media\/129"}],"wp:attachment":[{"href":"https:\/\/webshop.nynashamnsgf.se\/index.php?rest_route=%2Fwp%2Fv2%2Fmedia&parent=111"}],"wp:term":[{"taxonomy":"product_brand","embeddable":true,"href":"https:\/\/webshop.nynashamnsgf.se\/index.php?rest_route=%2Fwp%2Fv2%2Fproduct_brand&post=111"},{"taxonomy":"product_cat","embeddable":true,"href":"https:\/\/webshop.nynashamnsgf.se\/index.php?rest_route=%2Fwp%2Fv2%2Fproduct_cat&post=111"},{"taxonomy":"product_tag","embeddable":true,"href":"https:\/\/webshop.nynashamnsgf.se\/index.php?rest_route=%2Fwp%2Fv2%2Fproduct_tag&post=111"}],"curies":[{"name":"wp","href":"https:\/\/api.w.org\/{rel}","templated":true}]}}