{"id":112,"date":"2024-12-27T16:17:34","date_gmt":"2024-12-27T15:17:34","guid":{"rendered":"https:\/\/webshop.nynashamnsgf.se\/?post_type=product&#038;p=112"},"modified":"2024-12-27T20:23:08","modified_gmt":"2024-12-27T19:23:08","slug":"foreningsbyxa-ngf-junior","status":"publish","type":"product","link":"https:\/\/webshop.nynashamnsgf.se\/?product=foreningsbyxa-ngf-junior","title":{"rendered":"F\u00f6reningsbyxa NGF (junior)"},"content":{"rendered":"<p>Sk\u00f6na f\u00f6reningsbyxor i svart polyester, utan n\u00e5got f\u00f6reningstryck.<\/p>\n<p>Juniorstorlekar 90\/100 &#8211; 150\/160<\/p>\n<p>Obs. Byxorna \u00e4r n\u00e5got sm\u00e5 i barnstorlekarna.<\/p>\n","protected":false},"excerpt":{"rendered":"<p>Sk\u00f6na f\u00f6reningsbyxor i svart polyester, utan n\u00e5got f\u00f6reningstryck. Juniorstorlekar 90\/100 &#8211; 150\/160 Obs. Byxorna \u00e4r n\u00e5got sm\u00e5 i barnstorlekarna.<\/p>\n","protected":false},"featured_media":131,"comment_status":"closed","ping_status":"closed","template":"","meta":[],"product_brand":[],"product_cat":[41],"product_tag":[],"class_list":{"0":"post-112","1":"product","2":"type-product","3":"status-publish","4":"has-post-thumbnail","6":"product_cat-overall","8":"first","9":"instock","10":"taxable","11":"shipping-taxable","12":"purchasable","13":"product-type-variable"},"jetpack_sharing_enabled":true,"_links":{"self":[{"href":"https:\/\/webshop.nynashamnsgf.se\/index.php?rest_route=\/wp\/v2\/product\/112","targetHints":{"allow":["GET"]}}],"collection":[{"href":"https:\/\/webshop.nynashamnsgf.se\/index.php?rest_route=\/wp\/v2\/product"}],"about":[{"href":"https:\/\/webshop.nynashamnsgf.se\/index.php?rest_route=\/wp\/v2\/types\/product"}],"replies":[{"embeddable":true,"href":"https:\/\/webshop.nynashamnsgf.se\/index.php?rest_route=%2Fwp%2Fv2%2Fcomments&post=112"}],"wp:featuredmedia":[{"embeddable":true,"href":"https:\/\/webshop.nynashamnsgf.se\/index.php?rest_route=\/wp\/v2\/media\/131"}],"wp:attachment":[{"href":"https:\/\/webshop.nynashamnsgf.se\/index.php?rest_route=%2Fwp%2Fv2%2Fmedia&parent=112"}],"wp:term":[{"taxonomy":"product_brand","embeddable":true,"href":"https:\/\/webshop.nynashamnsgf.se\/index.php?rest_route=%2Fwp%2Fv2%2Fproduct_brand&post=112"},{"taxonomy":"product_cat","embeddable":true,"href":"https:\/\/webshop.nynashamnsgf.se\/index.php?rest_route=%2Fwp%2Fv2%2Fproduct_cat&post=112"},{"taxonomy":"product_tag","embeddable":true,"href":"https:\/\/webshop.nynashamnsgf.se\/index.php?rest_route=%2Fwp%2Fv2%2Fproduct_tag&post=112"}],"curies":[{"name":"wp","href":"https:\/\/api.w.org\/{rel}","templated":true}]}}