{"id":116,"date":"2024-12-27T16:17:34","date_gmt":"2024-12-27T15:17:34","guid":{"rendered":"https:\/\/webshop.nynashamnsgf.se\/?post_type=product&#038;p=116"},"modified":"2024-12-27T20:22:24","modified_gmt":"2024-12-27T19:22:24","slug":"foreningsoverall-ngf-senior","status":"publish","type":"product","link":"https:\/\/webshop.nynashamnsgf.se\/?product=foreningsoverall-ngf-senior","title":{"rendered":"F\u00f6reningsoverall NGF (Senior)"},"content":{"rendered":"<p>En sk\u00f6nt set best\u00e5ende av <a href=\"https:\/\/shop.niekkadesign.se\/product\/foreningjacka-ngf-senior\/\">f\u00f6reningsjacka<\/a> och <a href=\"https:\/\/shop.niekkadesign.se\/product\/foreningsbyxa-ngf-senior\/\">f\u00f6reningsbyxor<\/a><\/p>\n<p>Material:<br \/>\n100% Polyester<\/p>\n","protected":false},"excerpt":{"rendered":"<p>En sk\u00f6nt set best\u00e5ende av f\u00f6reningsjacka och f\u00f6reningsbyxor Material: 100% Polyester<\/p>\n","protected":false},"featured_media":148,"comment_status":"closed","ping_status":"closed","template":"","meta":[],"product_brand":[],"product_cat":[41],"product_tag":[],"class_list":{"0":"post-116","1":"product","2":"type-product","3":"status-publish","4":"has-post-thumbnail","6":"product_cat-overall","8":"first","9":"instock","10":"taxable","11":"shipping-taxable","12":"purchasable","13":"product-type-variable"},"jetpack_sharing_enabled":true,"_links":{"self":[{"href":"https:\/\/webshop.nynashamnsgf.se\/index.php?rest_route=\/wp\/v2\/product\/116","targetHints":{"allow":["GET"]}}],"collection":[{"href":"https:\/\/webshop.nynashamnsgf.se\/index.php?rest_route=\/wp\/v2\/product"}],"about":[{"href":"https:\/\/webshop.nynashamnsgf.se\/index.php?rest_route=\/wp\/v2\/types\/product"}],"replies":[{"embeddable":true,"href":"https:\/\/webshop.nynashamnsgf.se\/index.php?rest_route=%2Fwp%2Fv2%2Fcomments&post=116"}],"wp:featuredmedia":[{"embeddable":true,"href":"https:\/\/webshop.nynashamnsgf.se\/index.php?rest_route=\/wp\/v2\/media\/148"}],"wp:attachment":[{"href":"https:\/\/webshop.nynashamnsgf.se\/index.php?rest_route=%2Fwp%2Fv2%2Fmedia&parent=116"}],"wp:term":[{"taxonomy":"product_brand","embeddable":true,"href":"https:\/\/webshop.nynashamnsgf.se\/index.php?rest_route=%2Fwp%2Fv2%2Fproduct_brand&post=116"},{"taxonomy":"product_cat","embeddable":true,"href":"https:\/\/webshop.nynashamnsgf.se\/index.php?rest_route=%2Fwp%2Fv2%2Fproduct_cat&post=116"},{"taxonomy":"product_tag","embeddable":true,"href":"https:\/\/webshop.nynashamnsgf.se\/index.php?rest_route=%2Fwp%2Fv2%2Fproduct_tag&post=116"}],"curies":[{"name":"wp","href":"https:\/\/api.w.org\/{rel}","templated":true}]}}