{"id":135,"date":"2024-12-27T16:17:57","date_gmt":"2024-12-27T15:17:57","guid":{"rendered":"https:\/\/webshop.nynashamnsgf.se\/?post_type=product&#038;p=135"},"modified":"2024-12-27T20:22:10","modified_gmt":"2024-12-27T19:22:10","slug":"linne-herr-pojk","status":"publish","type":"product","link":"https:\/\/webshop.nynashamnsgf.se\/?product=linne-herr-pojk","title":{"rendered":"Linne herr\/pojk"},"content":{"rendered":"<p>Linne med f\u00f6reningslogga i ryggen och namntryck p\u00e5 br\u00f6stet, finns i junior- och seniorstorlekar och b\u00e5de i svart och bl\u00e5.<\/p>\n<p><strong>Observera:\u00a0<\/strong>F\u00f6r de yngre pojkarna, \u00e4r det h\u00e4r linnet vi t\u00e4vlar i, <span style=\"color: #0000ff;\"><strong>bl\u00e5 variant<\/strong><\/span><\/p>\n","protected":false},"excerpt":{"rendered":"<p>Linne med f\u00f6reningslogga i ryggen och namntryck p\u00e5 br\u00f6stet, finns i junior- och seniorstorlekar och b\u00e5de i svart och bl\u00e5. Observera:\u00a0F\u00f6r de yngre pojkarna, \u00e4r det h\u00e4r linnet vi t\u00e4vlar i, bl\u00e5 variant<\/p>\n","protected":false},"featured_media":152,"comment_status":"closed","ping_status":"closed","template":"","meta":[],"product_brand":[],"product_cat":[40],"product_tag":[],"class_list":{"0":"post-135","1":"product","2":"type-product","3":"status-publish","4":"has-post-thumbnail","6":"product_cat-overdelar","8":"first","9":"instock","10":"taxable","11":"shipping-taxable","12":"purchasable","13":"product-type-variable"},"jetpack_sharing_enabled":true,"_links":{"self":[{"href":"https:\/\/webshop.nynashamnsgf.se\/index.php?rest_route=\/wp\/v2\/product\/135","targetHints":{"allow":["GET"]}}],"collection":[{"href":"https:\/\/webshop.nynashamnsgf.se\/index.php?rest_route=\/wp\/v2\/product"}],"about":[{"href":"https:\/\/webshop.nynashamnsgf.se\/index.php?rest_route=\/wp\/v2\/types\/product"}],"replies":[{"embeddable":true,"href":"https:\/\/webshop.nynashamnsgf.se\/index.php?rest_route=%2Fwp%2Fv2%2Fcomments&post=135"}],"wp:featuredmedia":[{"embeddable":true,"href":"https:\/\/webshop.nynashamnsgf.se\/index.php?rest_route=\/wp\/v2\/media\/152"}],"wp:attachment":[{"href":"https:\/\/webshop.nynashamnsgf.se\/index.php?rest_route=%2Fwp%2Fv2%2Fmedia&parent=135"}],"wp:term":[{"taxonomy":"product_brand","embeddable":true,"href":"https:\/\/webshop.nynashamnsgf.se\/index.php?rest_route=%2Fwp%2Fv2%2Fproduct_brand&post=135"},{"taxonomy":"product_cat","embeddable":true,"href":"https:\/\/webshop.nynashamnsgf.se\/index.php?rest_route=%2Fwp%2Fv2%2Fproduct_cat&post=135"},{"taxonomy":"product_tag","embeddable":true,"href":"https:\/\/webshop.nynashamnsgf.se\/index.php?rest_route=%2Fwp%2Fv2%2Fproduct_tag&post=135"}],"curies":[{"name":"wp","href":"https:\/\/api.w.org\/{rel}","templated":true}]}}