{"id":141,"date":"2024-12-27T16:17:57","date_gmt":"2024-12-27T15:17:57","guid":{"rendered":"https:\/\/webshop.nynashamnsgf.se\/?post_type=product&#038;p=141"},"modified":"2024-12-27T20:21:44","modified_gmt":"2024-12-27T19:21:44","slug":"funktionstroja-t-shirt-dam","status":"publish","type":"product","link":"https:\/\/webshop.nynashamnsgf.se\/?product=funktionstroja-t-shirt-dam","title":{"rendered":"Funktionstr\u00f6ja T-shirt Dam"},"content":{"rendered":"<p>F\u00f6reningstr\u00f6ja i funktionsmaterial, dammodell, royalbl\u00e5 eller svart med vit f\u00f6reningslogga p\u00e5 br\u00f6stet.<\/p>\n<p>Storlekar XS-2XL<\/p>\n","protected":false},"excerpt":{"rendered":"<p>F\u00f6reningstr\u00f6ja i funktionsmaterial, dammodell, royalbl\u00e5 eller svart med vit f\u00f6reningslogga p\u00e5 br\u00f6stet. Storlekar XS-2XL<\/p>\n","protected":false},"featured_media":159,"comment_status":"closed","ping_status":"closed","template":"","meta":[],"product_brand":[],"product_cat":[40],"product_tag":[],"class_list":{"0":"post-141","1":"product","2":"type-product","3":"status-publish","4":"has-post-thumbnail","6":"product_cat-overdelar","8":"first","9":"instock","10":"taxable","11":"shipping-taxable","12":"purchasable","13":"product-type-variable"},"jetpack_sharing_enabled":true,"_links":{"self":[{"href":"https:\/\/webshop.nynashamnsgf.se\/index.php?rest_route=\/wp\/v2\/product\/141","targetHints":{"allow":["GET"]}}],"collection":[{"href":"https:\/\/webshop.nynashamnsgf.se\/index.php?rest_route=\/wp\/v2\/product"}],"about":[{"href":"https:\/\/webshop.nynashamnsgf.se\/index.php?rest_route=\/wp\/v2\/types\/product"}],"replies":[{"embeddable":true,"href":"https:\/\/webshop.nynashamnsgf.se\/index.php?rest_route=%2Fwp%2Fv2%2Fcomments&post=141"}],"wp:featuredmedia":[{"embeddable":true,"href":"https:\/\/webshop.nynashamnsgf.se\/index.php?rest_route=\/wp\/v2\/media\/159"}],"wp:attachment":[{"href":"https:\/\/webshop.nynashamnsgf.se\/index.php?rest_route=%2Fwp%2Fv2%2Fmedia&parent=141"}],"wp:term":[{"taxonomy":"product_brand","embeddable":true,"href":"https:\/\/webshop.nynashamnsgf.se\/index.php?rest_route=%2Fwp%2Fv2%2Fproduct_brand&post=141"},{"taxonomy":"product_cat","embeddable":true,"href":"https:\/\/webshop.nynashamnsgf.se\/index.php?rest_route=%2Fwp%2Fv2%2Fproduct_cat&post=141"},{"taxonomy":"product_tag","embeddable":true,"href":"https:\/\/webshop.nynashamnsgf.se\/index.php?rest_route=%2Fwp%2Fv2%2Fproduct_tag&post=141"}],"curies":[{"name":"wp","href":"https:\/\/api.w.org\/{rel}","templated":true}]}}