{"id":145,"date":"2024-12-27T16:17:58","date_gmt":"2024-12-27T15:17:58","guid":{"rendered":"https:\/\/webshop.nynashamnsgf.se\/?post_type=product&#038;p=145"},"modified":"2024-12-28T18:25:10","modified_gmt":"2024-12-28T17:25:10","slug":"hoodie-ngf","status":"publish","type":"product","link":"https:\/\/webshop.nynashamnsgf.se\/?product=hoodie-ngf","title":{"rendered":"Hoodie NGF"},"content":{"rendered":"<p>Hoodie i unisexmodell med stort f\u00f6reningstryck p\u00e5 ryggen och namntryck p\u00e5 br\u00f6stet, finns i junior- och seniorstorlekar och fem olika f\u00e4rger!<\/p>\n<p>Svart, Royalbl\u00e5, Vit, Cerise och Gr\u00e5melerad<\/p>\n<p>Material:<br \/>\n65% polyester och 35% bomull<\/p>\n","protected":false},"excerpt":{"rendered":"<p>Hoodie i unisexmodell med stort f\u00f6reningstryck p\u00e5 ryggen och namntryck p\u00e5 br\u00f6stet, finns i junior- och seniorstorlekar och fem olika f\u00e4rger! Svart, Royalbl\u00e5, Vit, Cerise och Gr\u00e5melerad Material: 65% polyester och 35% bomull<\/p>\n","protected":false},"featured_media":163,"comment_status":"closed","ping_status":"closed","template":"","meta":[],"product_brand":[],"product_cat":[40],"product_tag":[],"class_list":{"0":"post-145","1":"product","2":"type-product","3":"status-publish","4":"has-post-thumbnail","6":"product_cat-overdelar","8":"first","9":"instock","10":"featured","11":"taxable","12":"shipping-taxable","13":"purchasable","14":"product-type-variable"},"jetpack_sharing_enabled":true,"_links":{"self":[{"href":"https:\/\/webshop.nynashamnsgf.se\/index.php?rest_route=\/wp\/v2\/product\/145","targetHints":{"allow":["GET"]}}],"collection":[{"href":"https:\/\/webshop.nynashamnsgf.se\/index.php?rest_route=\/wp\/v2\/product"}],"about":[{"href":"https:\/\/webshop.nynashamnsgf.se\/index.php?rest_route=\/wp\/v2\/types\/product"}],"replies":[{"embeddable":true,"href":"https:\/\/webshop.nynashamnsgf.se\/index.php?rest_route=%2Fwp%2Fv2%2Fcomments&post=145"}],"wp:featuredmedia":[{"embeddable":true,"href":"https:\/\/webshop.nynashamnsgf.se\/index.php?rest_route=\/wp\/v2\/media\/163"}],"wp:attachment":[{"href":"https:\/\/webshop.nynashamnsgf.se\/index.php?rest_route=%2Fwp%2Fv2%2Fmedia&parent=145"}],"wp:term":[{"taxonomy":"product_brand","embeddable":true,"href":"https:\/\/webshop.nynashamnsgf.se\/index.php?rest_route=%2Fwp%2Fv2%2Fproduct_brand&post=145"},{"taxonomy":"product_cat","embeddable":true,"href":"https:\/\/webshop.nynashamnsgf.se\/index.php?rest_route=%2Fwp%2Fv2%2Fproduct_cat&post=145"},{"taxonomy":"product_tag","embeddable":true,"href":"https:\/\/webshop.nynashamnsgf.se\/index.php?rest_route=%2Fwp%2Fv2%2Fproduct_tag&post=145"}],"curies":[{"name":"wp","href":"https:\/\/api.w.org\/{rel}","templated":true}]}}