{"id":91,"date":"2024-12-27T16:17:32","date_gmt":"2024-12-27T15:17:32","guid":{"rendered":"https:\/\/webshop.nynashamnsgf.se\/?post_type=product&#038;p=91"},"modified":"2024-12-27T20:24:19","modified_gmt":"2024-12-27T19:24:19","slug":"mossa","status":"publish","type":"product","link":"https:\/\/webshop.nynashamnsgf.se\/?product=mossa","title":{"rendered":"M\u00f6ssa"},"content":{"rendered":"<p>Svart m\u00f6ssa i bomull med NGF tryck i vitt fram och reflexs\u00f6m bak. Onesize<\/p>\n","protected":false},"excerpt":{"rendered":"<p>Svart m\u00f6ssa i bomull med NGF tryck i vitt fram och reflexs\u00f6m bak. Onesize<\/p>\n","protected":false},"featured_media":121,"comment_status":"closed","ping_status":"closed","template":"","meta":[],"product_brand":[],"product_cat":[43],"product_tag":[],"class_list":{"0":"post-91","1":"product","2":"type-product","3":"status-publish","4":"has-post-thumbnail","6":"product_cat-accessoarer","8":"first","9":"instock","10":"taxable","11":"shipping-taxable","12":"purchasable","13":"product-type-simple"},"jetpack_sharing_enabled":true,"_links":{"self":[{"href":"https:\/\/webshop.nynashamnsgf.se\/index.php?rest_route=\/wp\/v2\/product\/91","targetHints":{"allow":["GET"]}}],"collection":[{"href":"https:\/\/webshop.nynashamnsgf.se\/index.php?rest_route=\/wp\/v2\/product"}],"about":[{"href":"https:\/\/webshop.nynashamnsgf.se\/index.php?rest_route=\/wp\/v2\/types\/product"}],"replies":[{"embeddable":true,"href":"https:\/\/webshop.nynashamnsgf.se\/index.php?rest_route=%2Fwp%2Fv2%2Fcomments&post=91"}],"wp:featuredmedia":[{"embeddable":true,"href":"https:\/\/webshop.nynashamnsgf.se\/index.php?rest_route=\/wp\/v2\/media\/121"}],"wp:attachment":[{"href":"https:\/\/webshop.nynashamnsgf.se\/index.php?rest_route=%2Fwp%2Fv2%2Fmedia&parent=91"}],"wp:term":[{"taxonomy":"product_brand","embeddable":true,"href":"https:\/\/webshop.nynashamnsgf.se\/index.php?rest_route=%2Fwp%2Fv2%2Fproduct_brand&post=91"},{"taxonomy":"product_cat","embeddable":true,"href":"https:\/\/webshop.nynashamnsgf.se\/index.php?rest_route=%2Fwp%2Fv2%2Fproduct_cat&post=91"},{"taxonomy":"product_tag","embeddable":true,"href":"https:\/\/webshop.nynashamnsgf.se\/index.php?rest_route=%2Fwp%2Fv2%2Fproduct_tag&post=91"}],"curies":[{"name":"wp","href":"https:\/\/api.w.org\/{rel}","templated":true}]}}