{"id":95,"date":"2024-12-27T16:17:32","date_gmt":"2024-12-27T15:17:32","guid":{"rendered":"https:\/\/webshop.nynashamnsgf.se\/?post_type=product&#038;p=95"},"modified":"2024-12-27T20:24:05","modified_gmt":"2024-12-27T19:24:05","slug":"hotpants-tjej-dam","status":"publish","type":"product","link":"https:\/\/webshop.nynashamnsgf.se\/?product=hotpants-tjej-dam","title":{"rendered":"Hotpants tjej\/dam"},"content":{"rendered":"<p>Hotpants f\u00f6r tjej och dam i polyester, svarta med vit f\u00f6reningslogga p\u00e5 h\u00f6ger l\u00e5r.<\/p>\n<p>Storlek 90\/100 &#8211; 150\/160, XS &#8211; XL<\/p>\n<p><strong>OBS! L\u00c5NG LEVERANS TID P\u00c5 EN DEL STORLEKAR F\u00d6R N\u00c4RVARANDE<\/strong><\/p>\n","protected":false},"excerpt":{"rendered":"<p>Hotpants f\u00f6r tjej och dam i polyester, svarta med vit f\u00f6reningslogga p\u00e5 h\u00f6ger l\u00e5r. Storlek 90\/100 &#8211; 150\/160, XS &#8211; XL OBS! L\u00c5NG LEVERANS TID P\u00c5 EN DEL STORLEKAR F\u00d6R N\u00c4RVARANDE<\/p>\n","protected":false},"featured_media":124,"comment_status":"closed","ping_status":"closed","template":"","meta":[],"product_brand":[],"product_cat":[42],"product_tag":[],"class_list":{"0":"post-95","1":"product","2":"type-product","3":"status-publish","4":"has-post-thumbnail","6":"product_cat-underdelar","8":"first","9":"instock","10":"taxable","11":"shipping-taxable","12":"purchasable","13":"product-type-variable","14":"has-default-attributes"},"jetpack_sharing_enabled":true,"_links":{"self":[{"href":"https:\/\/webshop.nynashamnsgf.se\/index.php?rest_route=\/wp\/v2\/product\/95","targetHints":{"allow":["GET"]}}],"collection":[{"href":"https:\/\/webshop.nynashamnsgf.se\/index.php?rest_route=\/wp\/v2\/product"}],"about":[{"href":"https:\/\/webshop.nynashamnsgf.se\/index.php?rest_route=\/wp\/v2\/types\/product"}],"replies":[{"embeddable":true,"href":"https:\/\/webshop.nynashamnsgf.se\/index.php?rest_route=%2Fwp%2Fv2%2Fcomments&post=95"}],"wp:featuredmedia":[{"embeddable":true,"href":"https:\/\/webshop.nynashamnsgf.se\/index.php?rest_route=\/wp\/v2\/media\/124"}],"wp:attachment":[{"href":"https:\/\/webshop.nynashamnsgf.se\/index.php?rest_route=%2Fwp%2Fv2%2Fmedia&parent=95"}],"wp:term":[{"taxonomy":"product_brand","embeddable":true,"href":"https:\/\/webshop.nynashamnsgf.se\/index.php?rest_route=%2Fwp%2Fv2%2Fproduct_brand&post=95"},{"taxonomy":"product_cat","embeddable":true,"href":"https:\/\/webshop.nynashamnsgf.se\/index.php?rest_route=%2Fwp%2Fv2%2Fproduct_cat&post=95"},{"taxonomy":"product_tag","embeddable":true,"href":"https:\/\/webshop.nynashamnsgf.se\/index.php?rest_route=%2Fwp%2Fv2%2Fproduct_tag&post=95"}],"curies":[{"name":"wp","href":"https:\/\/api.w.org\/{rel}","templated":true}]}}